{"id":572,"date":"2021-07-19T14:20:54","date_gmt":"2021-07-19T14:20:54","guid":{"rendered":"https:\/\/esevel.pt\/?page_id=572"},"modified":"2021-07-20T17:58:30","modified_gmt":"2021-07-20T17:58:30","slug":"air-conditioning","status":"publish","type":"page","link":"https:\/\/esevel.pt\/en\/air-conditioning\/","title":{"rendered":"Air Conditioning"},"content":{"rendered":"<p>[vc_row type=&#8221;vc_default&#8221; css=&#8221;.vc_custom_1621261223199{margin-bottom: 40px !important;}&#8221;][vc_column][vc_column_text]ESEVEL is the official representative of some of the most prestigious brands of equipment and components for Air Conditioning for buses.<\/p>\n<p>Since 1980 it has the dealership of <strong>Carrier-S\u00fctrak<\/strong>, which in 2009 it was rebranded <strong>EBERSP\u00c4CHER-S\u00dcTRAK<\/strong>.<\/p>\n<p>In 2020, started the dealership of the German-made <strong>BITZER<\/strong> compressor brand, and the <strong>DREIHA<\/strong> air conditioning equipment brand for minibuses.<\/p>\n<p>This way ESEVEL offers a wide range of products recognized for their robustness, reliability and efficiency that are best suited to the various vehicle models depending on the application and intended purpose.<\/p>\n<p>See which model best suits your needs, see the main features in detail and if you want, request more information.[\/vc_column_text][\/vc_column][\/vc_row][vc_row][vc_column]<div class=\"aio-icon-component    style_2\"><div id=\"Info-box-wrap-2614\" class=\"aio-icon-box top-icon\" style=\"\"  ><div class=\"aio-icon-top\"><div class=\"ult-just-icon-wrapper  \"><div class=\"align-icon\" style=\"text-align:center;\">\n<div class=\"aio-icon-img \" style=\"font-size:134px;display:inline-block;\" >\n\t<img decoding=\"async\" class=\"img-icon\" alt=\"6 mts\" src=\"https:\/\/esevel.pt\/wp-content\/uploads\/2021\/05\/ac_6mts-2.png\"\/>\n<\/div><\/div><\/div><\/div><div class=\"aio-icon-header\" ><h3 class=\"aio-icon-title ult-responsive\"  data-ultimate-target='#Info-box-wrap-2614 .aio-icon-title'  data-responsive-json-new='{\"font-size\":\"\",\"line-height\":\"\"}'  style=\"\">MINI-BUSES (&lt;6 mts)<\/h3><\/div> <!-- header --><\/div> <!-- aio-icon-box --><\/div> <!-- aio-icon-component -->[vc_row_inner equal_height=&#8221;yes&#8221; content_placement=&#8221;middle&#8221; gap=&#8221;20&#8243;][vc_column_inner][vc_column_text css=&#8221;.vc_custom_1626704578347{padding-right: 30px !important;}&#8221;]<\/p>\n<p style=\"text-align: center;\"><strong>Roof top Air Conditioning 13kW<\/strong><\/p>\n<p><img loading=\"lazy\" decoding=\"async\" class=\"aligncenter size-full wp-image-249\" src=\"https:\/\/esevel.pt\/wp-content\/uploads\/2021\/05\/ac_dreiha_xtralight.jpg\" alt=\"\" width=\"372\" height=\"211\" srcset=\"https:\/\/esevel.pt\/wp-content\/uploads\/2021\/05\/ac_dreiha_xtralight.jpg 372w, https:\/\/esevel.pt\/wp-content\/uploads\/2021\/05\/ac_dreiha_xtralight-300x170.jpg 300w\" sizes=\"auto, (max-width: 372px) 100vw, 372px\" \/><\/p>\n<p style=\"text-align: center;\"><a href=\"https:\/\/www.dreiha.de\/gama_aire_pt.html\" target=\"_blank\" rel=\"noopener\">Dreiha Xtralight<\/a><\/p>\n<p>[\/vc_column_text][\/vc_column_inner][\/vc_row_inner][\/vc_column][\/vc_row][vc_row type=&#8221;vc_default&#8221; full_width=&#8221;stretch_row&#8221; css=&#8221;.vc_custom_1621345863876{margin-top: 50px !important;margin-bottom: 50px !important;padding-top: 30px !important;padding-bottom: 30px !important;background-color: #fafafa !important;}&#8221;][vc_column]<div class=\"aio-icon-component    style_2\"><div id=\"Info-box-wrap-3409\" class=\"aio-icon-box top-icon\" style=\"\"  ><div class=\"aio-icon-top\"><div class=\"ult-just-icon-wrapper  \"><div class=\"align-icon\" style=\"text-align:center;\">\n<div class=\"aio-icon-img \" style=\"font-size:134px;display:inline-block;\" >\n\t<img decoding=\"async\" class=\"img-icon\" alt=\"10 mts\" src=\"https:\/\/esevel.pt\/wp-content\/uploads\/2021\/05\/ac_10mts.png\"\/>\n<\/div><\/div><\/div><\/div><div class=\"aio-icon-header\" ><h3 class=\"aio-icon-title ult-responsive\"  data-ultimate-target='#Info-box-wrap-3409 .aio-icon-title'  data-responsive-json-new='{\"font-size\":\"\",\"line-height\":\"\"}'  style=\"\">MIDI-BUSES (6mts&lt;10mts)<\/h3><\/div> <!-- header --><\/div> <!-- aio-icon-box --><\/div> <!-- aio-icon-component -->[vc_row_inner equal_height=&#8221;yes&#8221; content_placement=&#8221;middle&#8221; gap=&#8221;10&#8243;][vc_column_inner width=&#8221;1\/4&#8243;][\/vc_column_inner][vc_column_inner width=&#8221;1\/4&#8243;][vc_column_text]<\/p>\n<p style=\"text-align: center;\"><strong>Rooftop Air Conditioning 12-30 kW<\/strong><\/p>\n<p style=\"text-align: center;\"><a href=\"https:\/\/esevel.pt\/wp-content\/uploads\/2021\/05\/AC_515.pdf\" target=\"_blank\" rel=\"noopener\"><img loading=\"lazy\" decoding=\"async\" class=\"aligncenter size-full wp-image-549\" src=\"https:\/\/esevel.pt\/wp-content\/uploads\/2021\/07\/ac_eberspacher_515.jpg\" alt=\"ac 515\" width=\"600\" height=\"262\" srcset=\"https:\/\/esevel.pt\/wp-content\/uploads\/2021\/07\/ac_eberspacher_515.jpg 600w, https:\/\/esevel.pt\/wp-content\/uploads\/2021\/07\/ac_eberspacher_515-300x131.jpg 300w\" sizes=\"auto, (max-width: 600px) 100vw, 600px\" \/>Ebersp\u00e4cher AC 515<\/a><\/p>\n<p>[\/vc_column_text][\/vc_column_inner][vc_column_inner width=&#8221;1\/4&#8243;][vc_column_text]<\/p>\n<p style=\"text-align: center;\"><strong>Rooftop Air Conditioning 12-30 kW<\/strong><\/p>\n<p style=\"text-align: center;\"><img loading=\"lazy\" decoding=\"async\" class=\"aligncenter size-full wp-image-288\" src=\"https:\/\/esevel.pt\/wp-content\/uploads\/2021\/05\/ac520-2.png\" alt=\"ac520\" width=\"122\" height=\"79\" \/><a href=\"https:\/\/esevel.pt\/wp-content\/uploads\/2021\/05\/AC_520.pdf\" target=\"_blank\" rel=\"noopener\">Ebersp\u00e4cher AC 520<\/a><\/p>\n<p>[\/vc_column_text][\/vc_column_inner][vc_column_inner width=&#8221;1\/4&#8243;][\/vc_column_inner][\/vc_row_inner][\/vc_column][\/vc_row][vc_row type=&#8221;vc_default&#8221; full_width=&#8221;stretch_row&#8221; css=&#8221;.vc_custom_1621358431710{margin-top: 50px !important;margin-bottom: 50px !important;}&#8221;][vc_column]<div class=\"aio-icon-component    style_2\"><div id=\"Info-box-wrap-9116\" class=\"aio-icon-box top-icon\" style=\"\"  ><div class=\"aio-icon-top\"><div class=\"ult-just-icon-wrapper  \"><div class=\"align-icon\" style=\"text-align:center;\">\n<div class=\"aio-icon-img \" style=\"font-size:346px;display:inline-block;\" >\n\t<img decoding=\"async\" class=\"img-icon\" alt=\"3 autocarros\" src=\"https:\/\/esevel.pt\/wp-content\/uploads\/2021\/05\/ac_3autocarros.png\"\/>\n<\/div><\/div><\/div><\/div><div class=\"aio-icon-header\" ><h3 class=\"aio-icon-title ult-responsive\"  data-ultimate-target='#Info-box-wrap-9116 .aio-icon-title'  data-responsive-json-new='{\"font-size\":\"\",\"line-height\":\"\"}'  style=\"\">BUSES\/COACHES (10 mts, articulated and double deckers)<\/h3><\/div> <!-- header --><\/div> <!-- aio-icon-box --><\/div> <!-- aio-icon-component -->[vc_row_inner equal_height=&#8221;yes&#8221; content_placement=&#8221;top&#8221; gap=&#8221;10&#8243;][vc_column_inner width=&#8221;1\/4&#8243;][vc_column_text]<\/p>\n<p style=\"text-align: center;\"><strong>Rooftop Air Conditioning 24-45 kW<\/strong><\/p>\n<p style=\"text-align: center;\"><a href=\"https:\/\/esevel.pt\/wp-content\/uploads\/2021\/05\/ac136_electrico.pdf\" target=\"_blank\" rel=\"noopener\"><img loading=\"lazy\" decoding=\"async\" class=\"aligncenter size-full wp-image-543\" src=\"https:\/\/esevel.pt\/wp-content\/uploads\/2021\/07\/ac_eberspacher_136electric.jpg\" alt=\"136 electric\" width=\"600\" height=\"300\" srcset=\"https:\/\/esevel.pt\/wp-content\/uploads\/2021\/07\/ac_eberspacher_136electric.jpg 600w, https:\/\/esevel.pt\/wp-content\/uploads\/2021\/07\/ac_eberspacher_136electric-300x150.jpg 300w\" sizes=\"auto, (max-width: 600px) 100vw, 600px\" \/>Ebersp\u00e4cher AC 136<\/a><\/p>\n<p>[\/vc_column_text][\/vc_column_inner][vc_column_inner width=&#8221;1\/4&#8243;][vc_column_text]<\/p>\n<p style=\"text-align: center;\"><strong>Rooftop Air Conditioning 24-45 kW<\/strong><\/p>\n<p style=\"text-align: center;\"><a href=\"https:\/\/esevel.pt\/wp-content\/uploads\/2021\/06\/AC136_G4_AE_en_01.pdf\" target=\"_blank\" rel=\"noopener\"> <img loading=\"lazy\" decoding=\"async\" class=\"aligncenter size-full wp-image-549\" src=\"https:\/\/esevel.pt\/wp-content\/uploads\/2021\/07\/ac_eberspacher_515.jpg\" alt=\"ac 515\" width=\"600\" height=\"262\" srcset=\"https:\/\/esevel.pt\/wp-content\/uploads\/2021\/07\/ac_eberspacher_515.jpg 600w, https:\/\/esevel.pt\/wp-content\/uploads\/2021\/07\/ac_eberspacher_515-300x131.jpg 300w\" sizes=\"auto, (max-width: 600px) 100vw, 600px\" \/>Ebersp\u00e4cher AC 136 All Electric<\/a><\/p>\n<p>[\/vc_column_text][\/vc_column_inner][vc_column_inner width=&#8221;1\/4&#8243;][vc_column_text]<\/p>\n<p style=\"text-align: center;\"><strong>Rooftop Air Conditioning 24-45 kW<\/strong><\/p>\n<p style=\"text-align: center;\"><a href=\"https:\/\/esevel.pt\/wp-content\/uploads\/2021\/06\/ac136_heat_pump.pdf\"><img loading=\"lazy\" decoding=\"async\" class=\"aligncenter size-full wp-image-403\" src=\"https:\/\/esevel.pt\/wp-content\/uploads\/2021\/06\/ac_136_heat_pump-1.jpg\" alt=\"136 heat pump\" width=\"177\" height=\"80\" \/>Ebersp\u00e4cher AC 136 Electric Heat Pump<\/a><\/p>\n<p>[\/vc_column_text][\/vc_column_inner][vc_column_inner width=&#8221;1\/4&#8243;][vc_column_text]<\/p>\n<p style=\"text-align: center;\"><strong>Rooftop Air Conditioning 24-45 kW<\/strong><\/p>\n<p style=\"text-align: center;\"><a href=\"https:\/\/esevel.pt\/wp-content\/uploads\/2021\/06\/Broschure_AC353-5_en.pdf\" target=\"_blank\" rel=\"noopener\"><img loading=\"lazy\" decoding=\"async\" class=\"aligncenter size-full wp-image-540\" src=\"https:\/\/esevel.pt\/wp-content\/uploads\/2021\/07\/ac_eberspacher_353.jpg\" alt=\"eberspacher 353\" width=\"607\" height=\"250\" srcset=\"https:\/\/esevel.pt\/wp-content\/uploads\/2021\/07\/ac_eberspacher_353.jpg 607w, https:\/\/esevel.pt\/wp-content\/uploads\/2021\/07\/ac_eberspacher_353-300x124.jpg 300w\" sizes=\"auto, (max-width: 607px) 100vw, 607px\" \/>Ebersp\u00e4cher AC 353 G5<\/a><\/p>\n<p>[\/vc_column_text][\/vc_column_inner][\/vc_row_inner][\/vc_column][\/vc_row][vc_row type=&#8221;vc_default&#8221; full_width=&#8221;stretch_row&#8221; css=&#8221;.vc_custom_1621345863876{margin-top: 50px !important;margin-bottom: 50px !important;padding-top: 30px !important;padding-bottom: 30px !important;background-color: #fafafa !important;}&#8221;][vc_column]<div class=\"aio-icon-component    style_2\"><div id=\"Info-box-wrap-4451\" class=\"aio-icon-box top-icon\" style=\"\"  ><div class=\"aio-icon-header\" ><h3 class=\"aio-icon-title ult-responsive\"  data-ultimate-target='#Info-box-wrap-4451 .aio-icon-title'  data-responsive-json-new='{\"font-size\":\"\",\"line-height\":\"\"}'  style=\"\">SPECIAL INSTALLATIONS<\/h3><\/div> <!-- header --><\/div> <!-- aio-icon-box --><\/div> <!-- aio-icon-component -->[vc_row_inner equal_height=&#8221;yes&#8221; content_placement=&#8221;middle&#8221; gap=&#8221;10&#8243;][vc_column_inner width=&#8221;1\/3&#8243;][vc_column_text]<img loading=\"lazy\" decoding=\"async\" class=\"aligncenter size-full wp-image-317\" src=\"https:\/\/esevel.pt\/wp-content\/uploads\/2021\/05\/av188.jpg\" alt=\"av188\" width=\"250\" height=\"188\" \/><\/p>\n<p style=\"text-align: center;\"><a href=\"https:\/\/esevel.pt\/wp-content\/uploads\/2021\/06\/V188_en.pdf\" target=\"_blank\" rel=\"noopener\">Ebersp\u00e4cher AC 188<\/a><\/p>\n<p>[\/vc_column_text][\/vc_column_inner][vc_column_inner width=&#8221;1\/3&#8243;][vc_column_text]<img loading=\"lazy\" decoding=\"async\" class=\"aligncenter size-full wp-image-319\" src=\"https:\/\/esevel.pt\/wp-content\/uploads\/2021\/05\/r188.jpg\" alt=\"R188\" width=\"250\" height=\"188\" \/><\/p>\n<p style=\"text-align: center;\"><a href=\"https:\/\/esevel.pt\/wp-content\/uploads\/2021\/05\/R488.pdf\" target=\"_blank\" rel=\"noopener\">Ebersp\u00e4cher R 488<\/a><\/p>\n<p>[\/vc_column_text][\/vc_column_inner][vc_column_inner width=&#8221;1\/3&#8243;][vc_column_text]<\/p>\n<p style=\"text-align: center;\"><a href=\"https:\/\/esevel.pt\/wp-content\/uploads\/2021\/06\/ac403.pdf\" target=\"_blank\" rel=\"noopener\"><img loading=\"lazy\" decoding=\"async\" class=\"aligncenter size-full wp-image-546\" src=\"https:\/\/esevel.pt\/wp-content\/uploads\/2021\/07\/ac_eberspacher_403e.jpg\" alt=\"403 electric\" width=\"600\" height=\"334\" srcset=\"https:\/\/esevel.pt\/wp-content\/uploads\/2021\/07\/ac_eberspacher_403e.jpg 600w, https:\/\/esevel.pt\/wp-content\/uploads\/2021\/07\/ac_eberspacher_403e-300x167.jpg 300w\" sizes=\"auto, (max-width: 600px) 100vw, 600px\" \/>Ebersp\u00e4cher AC 403E Eletric<\/a><\/p>\n<p>[\/vc_column_text][\/vc_column_inner][\/vc_row_inner][\/vc_column][\/vc_row][vc_row type=&#8221;vc_default&#8221; full_width=&#8221;stretch_row&#8221; content_placement=&#8221;middle&#8221; css=&#8221;.vc_custom_1620300276498{padding-top: 100px !important;padding-bottom: 100px !important;background-image: url(https:\/\/esevel.pt\/wp-content\/uploads\/2021\/05\/fundo_azul.jpg?id=97) !important;background-position: center !important;background-repeat: no-repeat !important;background-size: cover !important;}&#8221;][vc_column]<div id=\"ultimate-heading-441769f9d4a7828ef\" class=\"uvc-heading ult-adjust-bottom-margin ultimate-heading-441769f9d4a7828ef uvc-267 \" data-hspacer=\"no_spacer\"  data-halign=\"center\" style=\"text-align:center\"><div class=\"uvc-heading-spacer no_spacer\" style=\"top\"><\/div><div class=\"uvc-main-heading ult-responsive\"  data-ultimate-target='.uvc-heading.ultimate-heading-441769f9d4a7828ef h2'  data-responsive-json-new='{\"font-size\":\"desktop:48px;\",\"line-height\":\"\"}' ><h2 style=\"font-family:&#039;Oswald&#039;;font-weight:600;color:#ffffff;margin-bottom:20px;\">EBERSP\u00c4CHER DEALER SEARCH<\/h2><\/div><\/div><div class=\" vc_custom_1626704796241 ubtn-ctn-center \"><a class=\"ubtn-link ult-adjust-bottom-margin ubtn-center ubtn-normal \" href=\"https:\/\/www.eberspaecher.com\/en\/climate-control-systems\/thermal-management-for-busses\/dealersearch\" title=\"A Esevel\" target=\"_blank\" rel=\"noopener\" ><button type=\"button\" id=\"ubtn-8698\"  class=\"ubtn ult-adjust-bottom-margin ult-responsive ubtn-normal ubtn-fade-bg  none  ubtn-center   tooltip-69f9d4a7829c8\"  data-hover=\"#ffffff\" data-border-color=\"#ffffff\" data-bg=\"\" data-hover-bg=\"#002364\" data-border-hover=\"#ffffff\" data-shadow-hover=\"\" data-shadow-click=\"none\" data-shadow=\"\" data-shd-shadow=\"\"  data-ultimate-target='#ubtn-8698'  data-responsive-json-new='{\"font-size\":\"desktop:16px;\",\"line-height\":\"\"}'  style=\"font-family:&#039;Mulish&#039;;font-weight:600;border-radius:0px;border-width:1px;border-color:#ffffff;border-style:solid;color: #ffffff;\"><span class=\"ubtn-hover\" style=\"background-color:#002364\"><\/span><span class=\"ubtn-data ubtn-text \" >See Locations<\/span><\/button><\/a><\/div>[\/vc_column][\/vc_row]<\/p>\n","protected":false},"excerpt":{"rendered":"<p>[vc_row type=&#8221;vc_default&#8221; css=&#8221;.vc_custom_1621261223199{margin-bottom: 40px !important;}&#8221;][vc_column][vc_column_text]ESEVEL is the official representative of some of the most prestigious brands of equipment and components for Air Conditioning for buses. Since 1980 it has the dealership of Carrier-S\u00fctrak, which in 2009 it was rebranded EBERSP\u00c4CHER-S\u00dcTRAK. In 2020, started the dealership of the German-made BITZER compressor brand, and the DREIHA air&hellip;<\/p>\n","protected":false},"author":1,"featured_media":0,"parent":0,"menu_order":0,"comment_status":"closed","ping_status":"closed","template":"","meta":{"footnotes":""},"class_list":["post-572","page","type-page","status-publish","hentry","description-off"],"yoast_head":"<!-- This site is optimized with the Yoast SEO plugin v24.9 - https:\/\/yoast.com\/wordpress\/plugins\/seo\/ -->\n<title>Air Conditioning - Esevel - Servi\u00e7os Oficinais do Grupo Barraqueiro<\/title>\n<meta name=\"robots\" content=\"index, follow, max-snippet:-1, max-image-preview:large, max-video-preview:-1\" \/>\n<link rel=\"canonical\" href=\"https:\/\/esevel.pt\/en\/air-conditioning\/\" \/>\n<meta property=\"og:locale\" content=\"en_US\" \/>\n<meta property=\"og:type\" content=\"article\" \/>\n<meta property=\"og:title\" content=\"Air Conditioning - Esevel - Servi\u00e7os Oficinais do Grupo Barraqueiro\" \/>\n<meta property=\"og:description\" content=\"[vc_row type=&#8221;vc_default&#8221; css=&#8221;.vc_custom_1621261223199{margin-bottom: 40px !important;}&#8221;][vc_column][vc_column_text]ESEVEL is the official representative of some of the most prestigious brands of equipment and components for Air Conditioning for buses. Since 1980 it has the dealership of Carrier-S\u00fctrak, which in 2009 it was rebranded EBERSP\u00c4CHER-S\u00dcTRAK. In 2020, started the dealership of the German-made BITZER compressor brand, and the DREIHA air&hellip;\" \/>\n<meta property=\"og:url\" content=\"https:\/\/esevel.pt\/en\/air-conditioning\/\" \/>\n<meta property=\"og:site_name\" content=\"Esevel - Servi\u00e7os Oficinais do Grupo Barraqueiro\" \/>\n<meta property=\"article:modified_time\" content=\"2021-07-20T17:58:30+00:00\" \/>\n<meta property=\"og:image\" content=\"https:\/\/esevel.pt\/wp-content\/uploads\/2021\/05\/ac_dreiha_xtralight.jpg\" \/>\n<meta name=\"twitter:card\" content=\"summary_large_image\" \/>\n<meta name=\"twitter:label1\" content=\"Est. reading time\" \/>\n\t<meta name=\"twitter:data1\" content=\"4 minutes\" \/>\n<script type=\"application\/ld+json\" class=\"yoast-schema-graph\">{\"@context\":\"https:\/\/schema.org\",\"@graph\":[{\"@type\":\"WebPage\",\"@id\":\"https:\/\/esevel.pt\/en\/air-conditioning\/\",\"url\":\"https:\/\/esevel.pt\/en\/air-conditioning\/\",\"name\":\"Air Conditioning - Esevel - Servi\u00e7os Oficinais do Grupo Barraqueiro\",\"isPartOf\":{\"@id\":\"https:\/\/esevel.pt\/en\/#website\"},\"primaryImageOfPage\":{\"@id\":\"https:\/\/esevel.pt\/en\/air-conditioning\/#primaryimage\"},\"image\":{\"@id\":\"https:\/\/esevel.pt\/en\/air-conditioning\/#primaryimage\"},\"thumbnailUrl\":\"https:\/\/esevel.pt\/wp-content\/uploads\/2021\/05\/ac_dreiha_xtralight.jpg\",\"datePublished\":\"2021-07-19T14:20:54+00:00\",\"dateModified\":\"2021-07-20T17:58:30+00:00\",\"breadcrumb\":{\"@id\":\"https:\/\/esevel.pt\/en\/air-conditioning\/#breadcrumb\"},\"inLanguage\":\"en-US\",\"potentialAction\":[{\"@type\":\"ReadAction\",\"target\":[\"https:\/\/esevel.pt\/en\/air-conditioning\/\"]}]},{\"@type\":\"ImageObject\",\"inLanguage\":\"en-US\",\"@id\":\"https:\/\/esevel.pt\/en\/air-conditioning\/#primaryimage\",\"url\":\"https:\/\/esevel.pt\/wp-content\/uploads\/2021\/05\/ac_dreiha_xtralight.jpg\",\"contentUrl\":\"https:\/\/esevel.pt\/wp-content\/uploads\/2021\/05\/ac_dreiha_xtralight.jpg\"},{\"@type\":\"BreadcrumbList\",\"@id\":\"https:\/\/esevel.pt\/en\/air-conditioning\/#breadcrumb\",\"itemListElement\":[{\"@type\":\"ListItem\",\"position\":1,\"name\":\"In\u00edcio\",\"item\":\"https:\/\/esevel.pt\/en\/\"},{\"@type\":\"ListItem\",\"position\":2,\"name\":\"Air Conditioning\"}]},{\"@type\":\"WebSite\",\"@id\":\"https:\/\/esevel.pt\/en\/#website\",\"url\":\"https:\/\/esevel.pt\/en\/\",\"name\":\"Esevel - Servi\u00e7os Oficinais do Grupo Barraqueiro\",\"description\":\"Esevel - Servi\u00e7os Oficinais do Grupo Barraqueiro\",\"potentialAction\":[{\"@type\":\"SearchAction\",\"target\":{\"@type\":\"EntryPoint\",\"urlTemplate\":\"https:\/\/esevel.pt\/en\/?s={search_term_string}\"},\"query-input\":{\"@type\":\"PropertyValueSpecification\",\"valueRequired\":true,\"valueName\":\"search_term_string\"}}],\"inLanguage\":\"en-US\"}]}<\/script>\n<!-- \/ Yoast SEO plugin. -->","yoast_head_json":{"title":"Air Conditioning - Esevel - Servi\u00e7os Oficinais do Grupo Barraqueiro","robots":{"index":"index","follow":"follow","max-snippet":"max-snippet:-1","max-image-preview":"max-image-preview:large","max-video-preview":"max-video-preview:-1"},"canonical":"https:\/\/esevel.pt\/en\/air-conditioning\/","og_locale":"en_US","og_type":"article","og_title":"Air Conditioning - Esevel - Servi\u00e7os Oficinais do Grupo Barraqueiro","og_description":"[vc_row type=&#8221;vc_default&#8221; css=&#8221;.vc_custom_1621261223199{margin-bottom: 40px !important;}&#8221;][vc_column][vc_column_text]ESEVEL is the official representative of some of the most prestigious brands of equipment and components for Air Conditioning for buses. Since 1980 it has the dealership of Carrier-S\u00fctrak, which in 2009 it was rebranded EBERSP\u00c4CHER-S\u00dcTRAK. In 2020, started the dealership of the German-made BITZER compressor brand, and the DREIHA air&hellip;","og_url":"https:\/\/esevel.pt\/en\/air-conditioning\/","og_site_name":"Esevel - Servi\u00e7os Oficinais do Grupo Barraqueiro","article_modified_time":"2021-07-20T17:58:30+00:00","og_image":[{"url":"https:\/\/esevel.pt\/wp-content\/uploads\/2021\/05\/ac_dreiha_xtralight.jpg","type":"","width":"","height":""}],"twitter_card":"summary_large_image","twitter_misc":{"Est. reading time":"4 minutes"},"schema":{"@context":"https:\/\/schema.org","@graph":[{"@type":"WebPage","@id":"https:\/\/esevel.pt\/en\/air-conditioning\/","url":"https:\/\/esevel.pt\/en\/air-conditioning\/","name":"Air Conditioning - Esevel - Servi\u00e7os Oficinais do Grupo Barraqueiro","isPartOf":{"@id":"https:\/\/esevel.pt\/en\/#website"},"primaryImageOfPage":{"@id":"https:\/\/esevel.pt\/en\/air-conditioning\/#primaryimage"},"image":{"@id":"https:\/\/esevel.pt\/en\/air-conditioning\/#primaryimage"},"thumbnailUrl":"https:\/\/esevel.pt\/wp-content\/uploads\/2021\/05\/ac_dreiha_xtralight.jpg","datePublished":"2021-07-19T14:20:54+00:00","dateModified":"2021-07-20T17:58:30+00:00","breadcrumb":{"@id":"https:\/\/esevel.pt\/en\/air-conditioning\/#breadcrumb"},"inLanguage":"en-US","potentialAction":[{"@type":"ReadAction","target":["https:\/\/esevel.pt\/en\/air-conditioning\/"]}]},{"@type":"ImageObject","inLanguage":"en-US","@id":"https:\/\/esevel.pt\/en\/air-conditioning\/#primaryimage","url":"https:\/\/esevel.pt\/wp-content\/uploads\/2021\/05\/ac_dreiha_xtralight.jpg","contentUrl":"https:\/\/esevel.pt\/wp-content\/uploads\/2021\/05\/ac_dreiha_xtralight.jpg"},{"@type":"BreadcrumbList","@id":"https:\/\/esevel.pt\/en\/air-conditioning\/#breadcrumb","itemListElement":[{"@type":"ListItem","position":1,"name":"In\u00edcio","item":"https:\/\/esevel.pt\/en\/"},{"@type":"ListItem","position":2,"name":"Air Conditioning"}]},{"@type":"WebSite","@id":"https:\/\/esevel.pt\/en\/#website","url":"https:\/\/esevel.pt\/en\/","name":"Esevel - Servi\u00e7os Oficinais do Grupo Barraqueiro","description":"Esevel - Servi\u00e7os Oficinais do Grupo Barraqueiro","potentialAction":[{"@type":"SearchAction","target":{"@type":"EntryPoint","urlTemplate":"https:\/\/esevel.pt\/en\/?s={search_term_string}"},"query-input":{"@type":"PropertyValueSpecification","valueRequired":true,"valueName":"search_term_string"}}],"inLanguage":"en-US"}]}},"_links":{"self":[{"href":"https:\/\/esevel.pt\/en\/wp-json\/wp\/v2\/pages\/572","targetHints":{"allow":["GET"]}}],"collection":[{"href":"https:\/\/esevel.pt\/en\/wp-json\/wp\/v2\/pages"}],"about":[{"href":"https:\/\/esevel.pt\/en\/wp-json\/wp\/v2\/types\/page"}],"author":[{"embeddable":true,"href":"https:\/\/esevel.pt\/en\/wp-json\/wp\/v2\/users\/1"}],"replies":[{"embeddable":true,"href":"https:\/\/esevel.pt\/en\/wp-json\/wp\/v2\/comments?post=572"}],"version-history":[{"count":4,"href":"https:\/\/esevel.pt\/en\/wp-json\/wp\/v2\/pages\/572\/revisions"}],"predecessor-version":[{"id":620,"href":"https:\/\/esevel.pt\/en\/wp-json\/wp\/v2\/pages\/572\/revisions\/620"}],"wp:attachment":[{"href":"https:\/\/esevel.pt\/en\/wp-json\/wp\/v2\/media?parent=572"}],"curies":[{"name":"wp","href":"https:\/\/api.w.org\/{rel}","templated":true}]}}