{"id":558,"date":"2021-07-19T11:56:33","date_gmt":"2021-07-19T11:56:33","guid":{"rendered":"https:\/\/esevel.pt\/?page_id=558"},"modified":"2021-07-19T11:57:33","modified_gmt":"2021-07-19T11:57:33","slug":"esevel","status":"publish","type":"page","link":"https:\/\/esevel.pt\/en\/esevel\/","title":{"rendered":"Esevel"},"content":{"rendered":"<p>[vc_row][vc_column][vc_column_text]The ESEVEL brand arises from a company dedicated to vehicles repairs, sale of vehicles parts and service station, founded in the late 40s of the 20th century, which name was Esta\u00e7\u00e3o Servi\u00e7o Electro Veloz.<\/p>\n<p>In 1977, it was acquired by the Pedrosa family to assure the maintenance of the vehicles of their passenger transport companies. It is currently integrated in Barraqueiro Transportes S.A., belonging to the Barraqueiro group.<\/p>\n<p>In 1980, it got the dealership for the air conditioning brand Carrier-S\u00fctrak for bus applications.<\/p>\n<p>It maintains the national dealership of the air conditioning brand, which since 2009 has been renamed Ebersp\u00e4cher-S\u00fctrak.<\/p>\n<p>In 2020, started the dealership of the Bitzer compressor brand, and Dreiha air conditioning equipment for minibuses.<\/p>\n<p>Currently, it is mainly engaged in workshop activity, service station, dedicated to the companies within the Barraqueiro group, as well as selling, installing and maintaining air conditioning equipment for buses throughout the Portuguese domestic and export markets.[\/vc_column_text][vc_single_image image=&#8221;517&#8243; img_size=&#8221;full&#8221; alignment=&#8221;center&#8221;][\/vc_column][\/vc_row]<\/p>\n","protected":false},"excerpt":{"rendered":"<p>[vc_row][vc_column][vc_column_text]The ESEVEL brand arises from a company dedicated to vehicles repairs, sale of vehicles parts and service station, founded in the late 40s of the 20th century, which name was Esta\u00e7\u00e3o Servi\u00e7o Electro Veloz. In 1977, it was acquired by the Pedrosa family to assure the maintenance of the vehicles of their passenger transport companies.&hellip;<\/p>\n","protected":false},"author":1,"featured_media":0,"parent":0,"menu_order":0,"comment_status":"closed","ping_status":"closed","template":"","meta":{"footnotes":""},"class_list":["post-558","page","type-page","status-publish","hentry","description-off"],"yoast_head":"<!-- This site is optimized with the Yoast SEO plugin v24.9 - https:\/\/yoast.com\/wordpress\/plugins\/seo\/ -->\n<title>Esevel - Esevel - Servi\u00e7os Oficinais do Grupo Barraqueiro<\/title>\n<meta name=\"robots\" content=\"index, follow, max-snippet:-1, max-image-preview:large, max-video-preview:-1\" \/>\n<link rel=\"canonical\" href=\"https:\/\/esevel.pt\/en\/esevel\/\" \/>\n<meta property=\"og:locale\" content=\"en_US\" \/>\n<meta property=\"og:type\" content=\"article\" \/>\n<meta property=\"og:title\" content=\"Esevel - Esevel - Servi\u00e7os Oficinais do Grupo Barraqueiro\" \/>\n<meta property=\"og:description\" content=\"[vc_row][vc_column][vc_column_text]The ESEVEL brand arises from a company dedicated to vehicles repairs, sale of vehicles parts and service station, founded in the late 40s of the 20th century, which name was Esta\u00e7\u00e3o Servi\u00e7o Electro Veloz. In 1977, it was acquired by the Pedrosa family to assure the maintenance of the vehicles of their passenger transport companies.&hellip;\" \/>\n<meta property=\"og:url\" content=\"https:\/\/esevel.pt\/en\/esevel\/\" \/>\n<meta property=\"og:site_name\" content=\"Esevel - Servi\u00e7os Oficinais do Grupo Barraqueiro\" \/>\n<meta property=\"article:modified_time\" content=\"2021-07-19T11:57:33+00:00\" \/>\n<meta name=\"twitter:card\" content=\"summary_large_image\" \/>\n<meta name=\"twitter:label1\" content=\"Est. reading time\" \/>\n\t<meta name=\"twitter:data1\" content=\"1 minute\" \/>\n<script type=\"application\/ld+json\" class=\"yoast-schema-graph\">{\"@context\":\"https:\/\/schema.org\",\"@graph\":[{\"@type\":\"WebPage\",\"@id\":\"https:\/\/esevel.pt\/en\/esevel\/\",\"url\":\"https:\/\/esevel.pt\/en\/esevel\/\",\"name\":\"Esevel - Esevel - Servi\u00e7os Oficinais do Grupo Barraqueiro\",\"isPartOf\":{\"@id\":\"https:\/\/esevel.pt\/en\/#website\"},\"datePublished\":\"2021-07-19T11:56:33+00:00\",\"dateModified\":\"2021-07-19T11:57:33+00:00\",\"breadcrumb\":{\"@id\":\"https:\/\/esevel.pt\/en\/esevel\/#breadcrumb\"},\"inLanguage\":\"en-US\",\"potentialAction\":[{\"@type\":\"ReadAction\",\"target\":[\"https:\/\/esevel.pt\/en\/esevel\/\"]}]},{\"@type\":\"BreadcrumbList\",\"@id\":\"https:\/\/esevel.pt\/en\/esevel\/#breadcrumb\",\"itemListElement\":[{\"@type\":\"ListItem\",\"position\":1,\"name\":\"In\u00edcio\",\"item\":\"https:\/\/esevel.pt\/en\/\"},{\"@type\":\"ListItem\",\"position\":2,\"name\":\"Esevel\"}]},{\"@type\":\"WebSite\",\"@id\":\"https:\/\/esevel.pt\/en\/#website\",\"url\":\"https:\/\/esevel.pt\/en\/\",\"name\":\"Esevel - Servi\u00e7os Oficinais do Grupo Barraqueiro\",\"description\":\"Esevel - Servi\u00e7os Oficinais do Grupo Barraqueiro\",\"potentialAction\":[{\"@type\":\"SearchAction\",\"target\":{\"@type\":\"EntryPoint\",\"urlTemplate\":\"https:\/\/esevel.pt\/en\/?s={search_term_string}\"},\"query-input\":{\"@type\":\"PropertyValueSpecification\",\"valueRequired\":true,\"valueName\":\"search_term_string\"}}],\"inLanguage\":\"en-US\"}]}<\/script>\n<!-- \/ Yoast SEO plugin. -->","yoast_head_json":{"title":"Esevel - Esevel - Servi\u00e7os Oficinais do Grupo Barraqueiro","robots":{"index":"index","follow":"follow","max-snippet":"max-snippet:-1","max-image-preview":"max-image-preview:large","max-video-preview":"max-video-preview:-1"},"canonical":"https:\/\/esevel.pt\/en\/esevel\/","og_locale":"en_US","og_type":"article","og_title":"Esevel - Esevel - Servi\u00e7os Oficinais do Grupo Barraqueiro","og_description":"[vc_row][vc_column][vc_column_text]The ESEVEL brand arises from a company dedicated to vehicles repairs, sale of vehicles parts and service station, founded in the late 40s of the 20th century, which name was Esta\u00e7\u00e3o Servi\u00e7o Electro Veloz. In 1977, it was acquired by the Pedrosa family to assure the maintenance of the vehicles of their passenger transport companies.&hellip;","og_url":"https:\/\/esevel.pt\/en\/esevel\/","og_site_name":"Esevel - Servi\u00e7os Oficinais do Grupo Barraqueiro","article_modified_time":"2021-07-19T11:57:33+00:00","twitter_card":"summary_large_image","twitter_misc":{"Est. reading time":"1 minute"},"schema":{"@context":"https:\/\/schema.org","@graph":[{"@type":"WebPage","@id":"https:\/\/esevel.pt\/en\/esevel\/","url":"https:\/\/esevel.pt\/en\/esevel\/","name":"Esevel - Esevel - Servi\u00e7os Oficinais do Grupo Barraqueiro","isPartOf":{"@id":"https:\/\/esevel.pt\/en\/#website"},"datePublished":"2021-07-19T11:56:33+00:00","dateModified":"2021-07-19T11:57:33+00:00","breadcrumb":{"@id":"https:\/\/esevel.pt\/en\/esevel\/#breadcrumb"},"inLanguage":"en-US","potentialAction":[{"@type":"ReadAction","target":["https:\/\/esevel.pt\/en\/esevel\/"]}]},{"@type":"BreadcrumbList","@id":"https:\/\/esevel.pt\/en\/esevel\/#breadcrumb","itemListElement":[{"@type":"ListItem","position":1,"name":"In\u00edcio","item":"https:\/\/esevel.pt\/en\/"},{"@type":"ListItem","position":2,"name":"Esevel"}]},{"@type":"WebSite","@id":"https:\/\/esevel.pt\/en\/#website","url":"https:\/\/esevel.pt\/en\/","name":"Esevel - Servi\u00e7os Oficinais do Grupo Barraqueiro","description":"Esevel - Servi\u00e7os Oficinais do Grupo Barraqueiro","potentialAction":[{"@type":"SearchAction","target":{"@type":"EntryPoint","urlTemplate":"https:\/\/esevel.pt\/en\/?s={search_term_string}"},"query-input":{"@type":"PropertyValueSpecification","valueRequired":true,"valueName":"search_term_string"}}],"inLanguage":"en-US"}]}},"_links":{"self":[{"href":"https:\/\/esevel.pt\/en\/wp-json\/wp\/v2\/pages\/558","targetHints":{"allow":["GET"]}}],"collection":[{"href":"https:\/\/esevel.pt\/en\/wp-json\/wp\/v2\/pages"}],"about":[{"href":"https:\/\/esevel.pt\/en\/wp-json\/wp\/v2\/types\/page"}],"author":[{"embeddable":true,"href":"https:\/\/esevel.pt\/en\/wp-json\/wp\/v2\/users\/1"}],"replies":[{"embeddable":true,"href":"https:\/\/esevel.pt\/en\/wp-json\/wp\/v2\/comments?post=558"}],"version-history":[{"count":3,"href":"https:\/\/esevel.pt\/en\/wp-json\/wp\/v2\/pages\/558\/revisions"}],"predecessor-version":[{"id":561,"href":"https:\/\/esevel.pt\/en\/wp-json\/wp\/v2\/pages\/558\/revisions\/561"}],"wp:attachment":[{"href":"https:\/\/esevel.pt\/en\/wp-json\/wp\/v2\/media?parent=558"}],"curies":[{"name":"wp","href":"https:\/\/api.w.org\/{rel}","templated":true}]}}